{"id":132,"date":"2016-03-24T13:53:27","date_gmt":"2016-03-24T13:53:27","guid":{"rendered":"https:\/\/nordfox.ee\/avaleht\/"},"modified":"2019-11-23T20:43:44","modified_gmt":"2019-11-23T18:43:44","slug":"avaleht","status":"publish","type":"page","link":"https:\/\/nordfox.ee\/lt\/","title":{"rendered":"Avaleht"},"content":{"rendered":"<p><strong>Bendrov\u0117 \u201eNORDFOX\u201c yra parduotuvi\u0173, vie\u0161bu\u010di\u0173, sand\u0117li\u0173, laiv\u0173, bar\u0173 ir kavini\u0173, biur\u0173 ir nam\u0173 bald\u0173 montavimo ekspertas. Kaip poliarin\u0117 lap\u0117, mes matome puikiausias galimybes ten, kur tingesni temato tik akinan\u010di\u0105 \u0161vies\u0105. Da\u017enai, kad rezultatas b\u016bt\u0173 tobulas, atliekant vidaus \u012frangos darbus reikia pastatyti ar i\u0161griauti vidines sienas, pertvarkyti elektros instaliavimo arba kanalizacijos sistemas, nuda\u017eyti lubas, atnaujinti grind\u0173 dangas ir pan. Nors ir bendrov\u0117 \u201eNORDFOX\u201c pirmiausia u\u017esiima vidaus \u012frangos montavimu, ji puikiai susitvarko ir su min\u0117tais darbais. M\u016bs\u0173 klientai gali ramiai miegoti nesijaudindami, kad viskas bus atlikta taip, kaip reikia ir sutartais terminais.<\/strong><\/p>\n<p>&nbsp;<\/p>\n<h2><em><strong>NORDFOX \u2013 tik geri pasirinkimai<\/strong><\/em><\/h2>\n","protected":false},"excerpt":{"rendered":"<p>Bendrov\u0117 \u201eNORDFOX\u201c yra parduotuvi\u0173, vie\u0161bu\u010di\u0173, sand\u0117li\u0173, laiv\u0173, bar\u0173 ir kavini\u0173, biur\u0173 ir nam\u0173 bald\u0173 montavimo ekspertas. Kaip poliarin\u0117 lap\u0117, mes matome puikiausias galimybes ten, kur tingesni temato tik akinan\u010di\u0105 \u0161vies\u0105. Da\u017enai, kad rezultatas b\u016bt\u0173 tobulas,&#8230;<\/p>\n","protected":false},"author":4,"featured_media":0,"parent":0,"menu_order":0,"comment_status":"closed","ping_status":"closed","template":"template-home.php","meta":{"_acf_changed":false,"footnotes":""},"class_list":["post-132","page","type-page","status-publish","hentry"],"acf":[],"_links":{"self":[{"href":"https:\/\/nordfox.ee\/lt\/wp-json\/wp\/v2\/pages\/132","targetHints":{"allow":["GET"]}}],"collection":[{"href":"https:\/\/nordfox.ee\/lt\/wp-json\/wp\/v2\/pages"}],"about":[{"href":"https:\/\/nordfox.ee\/lt\/wp-json\/wp\/v2\/types\/page"}],"author":[{"embeddable":true,"href":"https:\/\/nordfox.ee\/lt\/wp-json\/wp\/v2\/users\/4"}],"replies":[{"embeddable":true,"href":"https:\/\/nordfox.ee\/lt\/wp-json\/wp\/v2\/comments?post=132"}],"version-history":[{"count":0,"href":"https:\/\/nordfox.ee\/lt\/wp-json\/wp\/v2\/pages\/132\/revisions"}],"wp:attachment":[{"href":"https:\/\/nordfox.ee\/lt\/wp-json\/wp\/v2\/media?parent=132"}],"curies":[{"name":"wp","href":"https:\/\/api.w.org\/{rel}","templated":true}]}}