{"id":131,"date":"2016-03-24T13:53:27","date_gmt":"2016-03-24T13:53:27","guid":{"rendered":"https:\/\/nordfox.ee\/avaleht\/"},"modified":"2019-11-23T20:42:33","modified_gmt":"2019-11-23T18:42:33","slug":"avaleht","status":"publish","type":"page","link":"https:\/\/nordfox.ee\/fi\/","title":{"rendered":"Etusivu"},"content":{"rendered":"<p><strong>NORDFOX on myym\u00e4l\u00e4-, hotelli-, varasto-, laiva-, baari- ja kahvila-, toimisto- ja kotikalusteasennuksen asiantuntija. Olemme tottuneet napakettujen tavoin huomaamaan erinomaisia mahdollisuuksia my\u00f6s siin\u00e4, miss\u00e4 laiskemmat n\u00e4kev\u00e4t vain h\u00e4ik\u00e4isev\u00e4\u00e4 valoa. Sisustusasennuksen yhteydess\u00e4 joudutaan usein moitteettoman tuloksen varmistamiseksi rakentamaan tai purkamaan v\u00e4liseini\u00e4, j\u00e4rjest\u00e4m\u00e4\u00e4n uudelleen s\u00e4hk\u00f6- tai viem\u00e4rij\u00e4rjestelmi\u00e4, maalaamaan sis\u00e4kattoja, vaihtamaan lattiap\u00e4\u00e4llysteit\u00e4 yms. Ja vaikka NORDFOX on sisustusasentaja, se pystyy mainiosti hoitamaan my\u00f6s edell\u00e4 mainitut ty\u00f6t. T\u00e4m\u00e4 takaa asiakkaillemme rauhallisen unen ja varmuuden siit\u00e4, ett\u00e4 kaikki tulee olemaan juuri niin kuin pit\u00e4\u00e4 ja ty\u00f6t valmistuvat sovittuun m\u00e4\u00e4r\u00e4aikaan menness\u00e4.<\/strong><\/p>\n<p>&nbsp;<\/p>\n<h2><em><strong>NordFox \u2013 ainoastaan hyv\u00e4t valinnat<\/strong><\/em><\/h2>\n<p><strong>Tutustu tarjoamiimme <a href=\"#\">palveluihin<\/a> tai <a href=\"#\">tehtyihin t\u00f6ihin<\/a><\/strong><\/p>\n","protected":false},"excerpt":{"rendered":"<p>NORDFOX on myym\u00e4l\u00e4-, hotelli-, varasto-, laiva-, baari- ja kahvila-, toimisto- ja kotikalusteasennuksen asiantuntija. Olemme tottuneet napakettujen tavoin huomaamaan erinomaisia mahdollisuuksia my\u00f6s siin\u00e4, miss\u00e4 laiskemmat n\u00e4kev\u00e4t vain h\u00e4ik\u00e4isev\u00e4\u00e4 valoa. Sisustusasennuksen yhteydess\u00e4 joudutaan usein moitteettoman tuloksen varmistamiseksi&#8230;<\/p>\n","protected":false},"author":4,"featured_media":0,"parent":0,"menu_order":0,"comment_status":"closed","ping_status":"closed","template":"template-home.php","meta":{"_acf_changed":false,"footnotes":""},"class_list":["post-131","page","type-page","status-publish","hentry"],"acf":[],"_links":{"self":[{"href":"https:\/\/nordfox.ee\/fi\/wp-json\/wp\/v2\/pages\/131","targetHints":{"allow":["GET"]}}],"collection":[{"href":"https:\/\/nordfox.ee\/fi\/wp-json\/wp\/v2\/pages"}],"about":[{"href":"https:\/\/nordfox.ee\/fi\/wp-json\/wp\/v2\/types\/page"}],"author":[{"embeddable":true,"href":"https:\/\/nordfox.ee\/fi\/wp-json\/wp\/v2\/users\/4"}],"replies":[{"embeddable":true,"href":"https:\/\/nordfox.ee\/fi\/wp-json\/wp\/v2\/comments?post=131"}],"version-history":[{"count":0,"href":"https:\/\/nordfox.ee\/fi\/wp-json\/wp\/v2\/pages\/131\/revisions"}],"wp:attachment":[{"href":"https:\/\/nordfox.ee\/fi\/wp-json\/wp\/v2\/media?parent=131"}],"curies":[{"name":"wp","href":"https:\/\/api.w.org\/{rel}","templated":true}]}}